{"id":326,"date":"2019-10-29T03:00:53","date_gmt":"2019-10-29T07:00:53","guid":{"rendered":"http:\/\/104.238.80.164\/~eccofdweb\/?page_id=326"},"modified":"2022-11-21T18:16:45","modified_gmt":"2022-11-21T22:16:45","slug":"the-company","status":"publish","type":"page","link":"https:\/\/www.eccofeed.com\/es\/the-company\/","title":{"rendered":"La Compa\u00f1\u00eda"},"content":{"rendered":"<p>Eccofeed es un proveedor global de soluciones para la Nutrici\u00f3n animal y la agroindustria, con m\u00e1s de una d\u00e9cada proporcionando materias primas de calidad para las industrias acu\u00edcola, av\u00edcola, de mascotas, porcina, rumiante y agroindustrial en todo el mundo.<\/p>\n","protected":false},"excerpt":{"rendered":"<p>Eccofeed es un proveedor global de soluciones para la Nutrici\u00f3n animal y la agroindustria, con m\u00e1s de una d\u00e9cada proporcionando materias primas de calidad para las industrias acu\u00edcola, av\u00edcola, de mascotas, porcina, rumiante y agroindustrial en todo el mundo.<\/p>\n","protected":false},"author":5,"featured_media":0,"parent":0,"menu_order":0,"comment_status":"closed","ping_status":"closed","template":"page-company.php","meta":{"_acf_changed":false,"footnotes":""},"class_list":["post-326","page","type-page","status-publish","hentry"],"acf":[],"_links":{"self":[{"href":"https:\/\/www.eccofeed.com\/es\/wp-json\/wp\/v2\/pages\/326","targetHints":{"allow":["GET"]}}],"collection":[{"href":"https:\/\/www.eccofeed.com\/es\/wp-json\/wp\/v2\/pages"}],"about":[{"href":"https:\/\/www.eccofeed.com\/es\/wp-json\/wp\/v2\/types\/page"}],"author":[{"embeddable":true,"href":"https:\/\/www.eccofeed.com\/es\/wp-json\/wp\/v2\/users\/5"}],"replies":[{"embeddable":true,"href":"https:\/\/www.eccofeed.com\/es\/wp-json\/wp\/v2\/comments?post=326"}],"version-history":[{"count":0,"href":"https:\/\/www.eccofeed.com\/es\/wp-json\/wp\/v2\/pages\/326\/revisions"}],"wp:attachment":[{"href":"https:\/\/www.eccofeed.com\/es\/wp-json\/wp\/v2\/media?parent=326"}],"curies":[{"name":"wp","href":"https:\/\/api.w.org\/{rel}","templated":true}]}}