{"id":1003,"date":"2019-11-11T20:04:22","date_gmt":"2019-11-12T00:04:22","guid":{"rendered":"http:\/\/104.238.80.164\/~eccofdweb\/product\/corn-gluten\/"},"modified":"2020-02-20T13:42:16","modified_gmt":"2020-02-20T17:42:16","slug":"gluten-de-maiz","status":"publish","type":"product","link":"https:\/\/www.eccofeed.com\/es\/product\/gluten-de-maiz\/","title":{"rendered":"Gluten de Ma\u00edz"},"content":{"rendered":"<p>El Gluten de Ma\u00edz se prepara secando la corriente de gluten l\u00edquida separada del ma\u00edz durante el proceso de molienda h\u00fameda del ma\u00edz. Contiene un 60% de prote\u00edna y es rico en xantofilias, que cuando son consumidas por los pollos de engorde impactan un color amarillo brillante o dorado en su piel.<\/p>\n<p>&nbsp;<\/p>\n<h4>An\u00e1lisis T\u00edpico<\/h4>\n<table class=\"table\">\n<tbody>\n<tr>\n<td>Prote\u00edna, min.<\/td>\n<td>60.0%<\/td>\n<\/tr>\n<tr>\n<td>Grasa, min.<\/td>\n<td>1.0%<\/td>\n<\/tr>\n<tr>\n<td>Fibra, max.<\/td>\n<td>4.0%<\/td>\n<\/tr>\n<\/tbody>\n<\/table>\n<p>&nbsp;<\/p>\n<h4>Energ\u00eda<\/h4>\n<p>Energ\u00eda Metabolizable (Kcal\/lb)<\/p>\n<div class=\"table-responsive\">\n<table class=\"table\">\n<tbody>\n<tr>\n<td>Pollitos<\/td>\n<td>1,690<\/td>\n<\/tr>\n<tr>\n<td>Poults<\/td>\n<td>1,690 (est.)<\/td>\n<\/tr>\n<tr>\n<td>Gallinas<\/td>\n<td>1,690 (est.)<\/td>\n<\/tr>\n<tr>\n<td>Pavos<\/td>\n<td>1,690 (est.)<\/td>\n<\/tr>\n<tr>\n<td>Cerdos<\/td>\n<td>N.A.<\/td>\n<\/tr>\n<tr>\n<td>TDN, Rumiantes<\/td>\n<td>86%<\/td>\n<\/tr>\n<tr>\n<td>Energ\u00eda Neta, term \/ cwt<\/td>\n<td><\/td>\n<\/tr>\n<tr>\n<td>Rumiantes<\/td>\n<td>86 (est.)<\/td>\n<\/tr>\n<\/tbody>\n<\/table>\n<p>&nbsp;<\/p>\n<\/div>\n<h4>Amino Acidos, % en Piensos<\/h4>\n<div class=\"table-responsive\">\n<table class=\"table\">\n<tbody>\n<tr>\n<td>Alanina<\/td>\n<td>5.2<\/td>\n<\/tr>\n<tr>\n<td>Arginina<\/td>\n<td>1.9<\/td>\n<\/tr>\n<tr>\n<td>\u00c1cido Asp\u00e1rtico<\/td>\n<td>3.6<\/td>\n<\/tr>\n<tr>\n<td>Cistina<\/td>\n<td>1.1<\/td>\n<\/tr>\n<tr>\n<td>\u00c1cido Glutamico<\/td>\n<td>13.8<\/td>\n<\/tr>\n<tr>\n<td>Glicina<\/td>\n<td>1.6<\/td>\n<\/tr>\n<tr>\n<td>Histidina<\/td>\n<td>1.2<\/td>\n<\/tr>\n<tr>\n<td>Isoleucina<\/td>\n<td>2.3<\/td>\n<\/tr>\n<tr>\n<td>Leucina<\/td>\n<td>10.1<\/td>\n<\/tr>\n<tr>\n<td>Lisina<\/td>\n<td>1.0<\/td>\n<\/tr>\n<tr>\n<td>Metionina<\/td>\n<td>1.9<\/td>\n<\/tr>\n<tr>\n<td>Fenilalanina<\/td>\n<td>3.8<\/td>\n<\/tr>\n<tr>\n<td>Prolina<\/td>\n<td>5.5<\/td>\n<\/tr>\n<tr>\n<td>Serina<\/td>\n<td>3.1<\/td>\n<\/tr>\n<tr>\n<td>Treonina<\/td>\n<td>2.0<\/td>\n<\/tr>\n<tr>\n<td>Triptofano<\/td>\n<td>0.3<\/td>\n<\/tr>\n<tr>\n<td>Tirosina<\/td>\n<td>2.9<\/td>\n<\/tr>\n<tr>\n<td>Valina<\/td>\n<td>2.7<\/td>\n<\/tr>\n<\/tbody>\n<\/table>\n<p>&nbsp;<\/p>\n<\/div>\n<h4>Vitaminas, mg\/lb<\/h4>\n<div class=\"table-responsive\">\n<table class=\"table\">\n<tbody>\n<tr>\n<td>Vitamina A (equiv,)<\/td>\n<td>30.65<\/td>\n<\/tr>\n<tr>\n<td>Beta-Caroteno<\/td>\n<td>20-30<\/td>\n<\/tr>\n<tr>\n<td>Colina<\/td>\n<td>1,000<\/td>\n<\/tr>\n<tr>\n<td>Niacina<\/td>\n<td>37<\/td>\n<\/tr>\n<tr>\n<td>\u00c1cido Pantot\u00e9nico<\/td>\n<td>1.3<\/td>\n<\/tr>\n<tr>\n<td>Piridoxina<\/td>\n<td>2.8<\/td>\n<\/tr>\n<tr>\n<td>Riboflavina<\/td>\n<td>1.0<\/td>\n<\/tr>\n<tr>\n<td>Tiamina<\/td>\n<td>0.1<\/td>\n<\/tr>\n<tr>\n<td>Biotina<\/td>\n<td>0.1<\/td>\n<\/tr>\n<tr>\n<td>Inositol<\/td>\n<td>860<\/td>\n<\/tr>\n<\/tbody>\n<\/table>\n<\/div>\n<h4><\/h4>\n<h4>Minerales<\/h4>\n<div class=\"table-responsive\">\n<table class=\"table\">\n<tbody>\n<tr>\n<td>Ceniza Total, %<\/td>\n<td>3.50<\/td>\n<\/tr>\n<tr>\n<td>Potassio, %<\/td>\n<td>0.14<\/td>\n<\/tr>\n<tr>\n<td>Fosforo, %<\/td>\n<td>0.35<\/td>\n<\/tr>\n<tr>\n<td>Magnesio, %<\/td>\n<td>0.15<\/td>\n<\/tr>\n<tr>\n<td>Cloruro, %<\/td>\n<td>0.10<\/td>\n<\/tr>\n<tr>\n<td>Calcio, %<\/td>\n<td>0.02<\/td>\n<\/tr>\n<tr>\n<td>Azufre, %<\/td>\n<td>0.83<\/td>\n<\/tr>\n<tr>\n<td>Sodio, %<\/td>\n<td>0.03<\/td>\n<\/tr>\n<tr>\n<td>Hierro, ppm<\/td>\n<td>167<\/td>\n<\/tr>\n<tr>\n<td>Zinc, ppm<\/td>\n<td>42<\/td>\n<\/tr>\n<tr>\n<td>Manganeso, ppm<\/td>\n<td>Trace<\/td>\n<\/tr>\n<tr>\n<td>Cobre, ppm<\/td>\n<td>22<\/td>\n<\/tr>\n<tr>\n<td>Cromo, ppm<\/td>\n<td>&lt; 1.5<\/td>\n<\/tr>\n<tr>\n<td>Molibdeno, ppm<\/td>\n<td>0.6<\/td>\n<\/tr>\n<tr>\n<td>Selenio, ppm<\/td>\n<td>0.66<\/td>\n<\/tr>\n<tr>\n<td>Cobalto, ppm<\/td>\n<td>0<\/td>\n<\/tr>\n<\/tbody>\n<\/table>\n<p>&nbsp;<\/p>\n<\/div>\n<h4>Datos Adicionales<\/h4>\n<div class=\"table-responsive\">\n<table class=\"table\">\n<tbody>\n<tr>\n<td>Xantofilas, mg\/lb.<\/td>\n<td>100-225<\/td>\n<\/tr>\n<tr>\n<td>\u00c1cido Linoleico, %<\/td>\n<td>3.2<\/td>\n<\/tr>\n<tr>\n<td>Densidad, lb\/ft<sup>3<\/sup><\/td>\n<td>33-36<\/td>\n<\/tr>\n<\/tbody>\n<\/table>\n<p>&nbsp;<\/p>\n<\/div>\n<p>Vida \u00datil: si se almacena en un lugar fresco y seco, puede exceder 1 a\u00f1o.<\/p>\n","protected":false},"featured_media":671,"template":"","product_category":[34],"feeding":[38,40,37],"class_list":["post-1003","product","type-product","status-publish","has-post-thumbnail","hentry","product_category-proteinas-vegetales","feeding-aves","feeding-cerdo","feeding-mascota"],"acf":[],"_links":{"self":[{"href":"https:\/\/www.eccofeed.com\/es\/wp-json\/wp\/v2\/product\/1003","targetHints":{"allow":["GET"]}}],"collection":[{"href":"https:\/\/www.eccofeed.com\/es\/wp-json\/wp\/v2\/product"}],"about":[{"href":"https:\/\/www.eccofeed.com\/es\/wp-json\/wp\/v2\/types\/product"}],"wp:featuredmedia":[{"embeddable":true,"href":"https:\/\/www.eccofeed.com\/es\/wp-json\/wp\/v2\/media\/671"}],"wp:attachment":[{"href":"https:\/\/www.eccofeed.com\/es\/wp-json\/wp\/v2\/media?parent=1003"}],"wp:term":[{"taxonomy":"product_category","embeddable":true,"href":"https:\/\/www.eccofeed.com\/es\/wp-json\/wp\/v2\/product_category?post=1003"},{"taxonomy":"feeding","embeddable":true,"href":"https:\/\/www.eccofeed.com\/es\/wp-json\/wp\/v2\/feeding?post=1003"}],"curies":[{"name":"wp","href":"https:\/\/api.w.org\/{rel}","templated":true}]}}