{"id":1009,"date":"2019-11-11T19:55:10","date_gmt":"2019-11-11T23:55:10","guid":{"rendered":"http:\/\/104.238.80.164\/~eccofdweb\/product\/soy-protein-concentrate\/"},"modified":"2020-02-20T13:21:20","modified_gmt":"2020-02-20T17:21:20","slug":"proteina-concentrada-de-soya","status":"publish","type":"product","link":"https:\/\/www.eccofeed.com\/es\/product\/proteina-concentrada-de-soya\/","title":{"rendered":"Proteina Concentrada de Soya"},"content":{"rendered":"<h3>Especificaci\u00f3n del Producto<\/h3>\n<h4>An\u00e1lisis T\u00edpico:<\/h4>\n<div class=\"table-responsive\">\n<table class=\"table\">\n<tbody>\n<tr>\n<td>Humedad<\/td>\n<td>10% Max<\/td>\n<\/tr>\n<tr>\n<td>Prote\u00edna<\/td>\n<td>60% Min<\/td>\n<\/tr>\n<tr>\n<td>Grasa<\/td>\n<td>2% Max<\/td>\n<\/tr>\n<tr>\n<td>Ceniza<\/td>\n<td>6% Max<\/td>\n<\/tr>\n<tr>\n<td>Lisina<\/td>\n<td>6.20<\/td>\n<\/tr>\n<tr>\n<td>Metionina<\/td>\n<td>1.30<\/td>\n<\/tr>\n<tr>\n<td>Cistina<\/td>\n<td>1.40<\/td>\n<\/tr>\n<tr>\n<td>Treonina<\/td>\n<td>4.10<\/td>\n<\/tr>\n<tr>\n<td>Arginina<\/td>\n<td>7.50<\/td>\n<\/tr>\n<tr>\n<td>Histidina<\/td>\n<td>2.80<\/td>\n<\/tr>\n<tr>\n<td>Serina<\/td>\n<td>5.40<\/td>\n<\/tr>\n<tr>\n<td>\u00c1cido Glutamico<\/td>\n<td>18.60<\/td>\n<\/tr>\n<tr>\n<td>Triptofano<\/td>\n<td>1.30<\/td>\n<\/tr>\n<tr>\n<td>Isoleucina<\/td>\n<td>4.70<\/td>\n<\/tr>\n<tr>\n<td>Leucina<\/td>\n<td>7.90<\/td>\n<\/tr>\n<tr>\n<td>Fenilalanina<\/td>\n<td>5.20<\/td>\n<\/tr>\n<tr>\n<td>\u00c1cido Asp\u00e1rtico<\/td>\n<td>11.40<\/td>\n<\/tr>\n<tr>\n<td>Valina<\/td>\n<td>4.80<\/td>\n<\/tr>\n<tr>\n<td>Prolina<\/td>\n<td>5.20<\/td>\n<\/tr>\n<tr>\n<td>Glicina<\/td>\n<td>4.30<\/td>\n<\/tr>\n<tr>\n<td>Alanina<\/td>\n<td>4.20<\/td>\n<\/tr>\n<tr>\n<td>Tirosina<\/td>\n<td>3.70<\/td>\n<\/tr>\n<tr>\n<td><\/td>\n<td><\/td>\n<\/tr>\n<tr>\n<td>Ingredientes:<\/td>\n<td>Soya<\/td>\n<\/tr>\n<tr>\n<td>Aditivos:<\/td>\n<td>Antioxidantes<\/td>\n<\/tr>\n<\/tbody>\n<\/table>\n<p>&nbsp;<\/p>\n<\/div>\n<h4>Descripci\u00f3n General:<\/h4>\n<div class=\"table-responsive\">\n<table class=\"table\">\n<tbody>\n<tr>\n<td>Apariencia<\/td>\n<td>Producto fino, granulado, marr\u00f3n claro<\/td>\n<\/tr>\n<tr>\n<td>Olor<\/td>\n<td>T\u00edpico<\/td>\n<\/tr>\n<tr>\n<td>Almacenamiento<\/td>\n<td>Almacenar a temperatura ambiente en un lugar seco. Realizar\u00e1 pruebas peri\u00f3dicas para evaluar los par\u00e1metros de calidad y seguridad del producto.<\/td>\n<\/tr>\n<\/tbody>\n<\/table>\n<\/div>\n<h4><\/h4>\n<h4>Fecha de Expiraci\u00f3n<\/h4>\n<p>12 meses a partir de la fecha de producci\u00f3n<\/p>\n<p>&nbsp;<\/p>\n<h4>Empaque<\/h4>\n<p>Contenedor lleno con bolsas grande de aproximadamente 1,2 toneladas, bolsas de 50 kg o m\u00e1s<\/p>\n<p>&nbsp;<\/p>\n<h4>Caracter\u00edsticas Microbiol\u00f3gicas:<\/h4>\n<div class=\"table-responsive\">\n<table class=\"table\">\n<tbody>\n<tr>\n<td>Salmonela<\/td>\n<td>Ausente<\/td>\n<\/tr>\n<tr>\n<td>Coliformes Fecales<\/td>\n<td>Ausente<\/td>\n<\/tr>\n<tr>\n<td>Coliformes Totales<\/td>\n<td>Ausente<\/td>\n<\/tr>\n<tr>\n<td>E. coli<\/td>\n<td>Ausente<\/td>\n<\/tr>\n<\/tbody>\n<\/table>\n<\/div>\n<p>&nbsp;<\/p>\n","protected":false},"featured_media":751,"template":"","product_category":[34],"feeding":[40,35],"class_list":["post-1009","product","type-product","status-publish","has-post-thumbnail","hentry","product_category-proteinas-vegetales","feeding-cerdo","feeding-acuicultura"],"acf":[],"_links":{"self":[{"href":"https:\/\/www.eccofeed.com\/es\/wp-json\/wp\/v2\/product\/1009","targetHints":{"allow":["GET"]}}],"collection":[{"href":"https:\/\/www.eccofeed.com\/es\/wp-json\/wp\/v2\/product"}],"about":[{"href":"https:\/\/www.eccofeed.com\/es\/wp-json\/wp\/v2\/types\/product"}],"wp:featuredmedia":[{"embeddable":true,"href":"https:\/\/www.eccofeed.com\/es\/wp-json\/wp\/v2\/media\/751"}],"wp:attachment":[{"href":"https:\/\/www.eccofeed.com\/es\/wp-json\/wp\/v2\/media?parent=1009"}],"wp:term":[{"taxonomy":"product_category","embeddable":true,"href":"https:\/\/www.eccofeed.com\/es\/wp-json\/wp\/v2\/product_category?post=1009"},{"taxonomy":"feeding","embeddable":true,"href":"https:\/\/www.eccofeed.com\/es\/wp-json\/wp\/v2\/feeding?post=1009"}],"curies":[{"name":"wp","href":"https:\/\/api.w.org\/{rel}","templated":true}]}}