{"id":1011,"date":"2019-11-11T19:50:51","date_gmt":"2019-11-11T23:50:51","guid":{"rendered":"http:\/\/104.238.80.164\/~eccofdweb\/product\/milk-replacers\/"},"modified":"2020-02-21T18:45:01","modified_gmt":"2020-02-21T22:45:01","slug":"reemplazadores-de-leche-para-terneros","status":"publish","type":"product","link":"https:\/\/www.eccofeed.com\/es\/product\/reemplazadores-de-leche-para-terneros\/","title":{"rendered":"Reemplazadores de Leche para Terneros"},"content":{"rendered":"<h3>Especificaciones del Producto<\/h3>\n<h4>Caracteristicas Qu\u00edmicas:<\/h4>\n<div class=\"table-responsive\">\n<table class=\"table\">\n<tbody>\n<tr>\n<td>Humedad<\/td>\n<td>5.00% Max<\/td>\n<\/tr>\n<tr>\n<td>Prote\u00edna (Nx6,38)<\/td>\n<td>22.00%<\/td>\n<\/tr>\n<tr>\n<td>Grasa<\/td>\n<td>10.00%<\/td>\n<\/tr>\n<tr>\n<td>Ceniza<\/td>\n<td>8.5%<\/td>\n<\/tr>\n<tr>\n<td>Lactosa<\/td>\n<td>40.00%<\/td>\n<\/tr>\n<tr>\n<td>Fibra<\/td>\n<td>1.00%<\/td>\n<\/tr>\n<\/tbody>\n<\/table>\n<p>&nbsp;<\/p>\n<\/div>\n<table class=\"table\">\n<tbody>\n<tr>\n<td><strong>Amino Acidos<\/strong><\/td>\n<td><\/td>\n<\/tr>\n<tr>\n<td>L-Lisina<\/td>\n<td>20.000 mg<\/td>\n<\/tr>\n<\/tbody>\n<\/table>\n<p>&nbsp;<\/p>\n<table class=\"table\">\n<tbody>\n<tr>\n<td><strong>Vitaminas<\/strong><\/td>\n<td><\/td>\n<td><strong>Minerales<\/strong><\/td>\n<td><\/td>\n<\/tr>\n<tr>\n<td>Vitamina A (E672)<\/td>\n<td style=\"text-align: right;\">50.000 UI<\/td>\n<td>Sulfato de Cobre Pentahidratado (E4)<\/td>\n<td style=\"text-align: right;\">20 mg<\/td>\n<\/tr>\n<tr>\n<td>Vitamina D3 (E671)<\/td>\n<td style=\"text-align: right;\">5.000 UI<\/td>\n<td>Tetrahidrato de Sulfato de Hierro (E1)<\/td>\n<td style=\"text-align: right;\">305 mg<\/td>\n<\/tr>\n<tr>\n<td>Vitamina B1<\/td>\n<td style=\"text-align: right;\">14 mg<\/td>\n<td>Monohidrato de Sulfato de Manganeso (E5)<\/td>\n<td style=\"text-align: right;\">200 mg<\/td>\n<\/tr>\n<tr>\n<td>Vitamina E<\/td>\n<td style=\"text-align: right;\">150 mg<\/td>\n<td>Sulfato de Zinc (E6)<\/td>\n<td style=\"text-align: right;\">80 mg<\/td>\n<\/tr>\n<tr>\n<td>Vitamina B2<\/td>\n<td style=\"text-align: right;\">10 mg<\/td>\n<td>Yoduro de Potasio (E2)<\/td>\n<td style=\"text-align: right;\">0,30 mg<\/td>\n<\/tr>\n<tr>\n<td>Vitamina B6<\/td>\n<td style=\"text-align: right;\">3 mg<\/td>\n<td>Monohidrato B\u00e1sico de Carbonato de Cobalto (E3)<\/td>\n<td style=\"text-align: right;\">0,40 mg<\/td>\n<\/tr>\n<tr>\n<td>Vitamina B12<\/td>\n<td style=\"text-align: right;\">0,03 mg<\/td>\n<td>Selenita de Sodio (E8)<\/td>\n<td style=\"text-align: right;\">0,70 mg<\/td>\n<\/tr>\n<tr>\n<td>Vitamina K<\/td>\n<td style=\"text-align: right;\">5 mg<\/td>\n<td><\/td>\n<td><\/td>\n<\/tr>\n<tr>\n<td>Vitamina PP (Niacinamida)<\/td>\n<td style=\"text-align: right;\">50 mg<\/td>\n<td><\/td>\n<td><\/td>\n<\/tr>\n<tr>\n<td>Vitamina C (E300)<\/td>\n<td style=\"text-align: right;\">15 mg<\/td>\n<td><\/td>\n<td><\/td>\n<\/tr>\n<tr>\n<td>\u00c1cido Pantot\u00e9nico<\/td>\n<td style=\"text-align: right;\">25 mg<\/td>\n<td><\/td>\n<td><\/td>\n<\/tr>\n<tr>\n<td>Cloruro de Colina<\/td>\n<td style=\"text-align: right;\">250 mg<\/td>\n<td><\/td>\n<td><\/td>\n<\/tr>\n<tr>\n<td>Clorhidrato de Beta\u00edna<\/td>\n<td style=\"text-align: right;\">200 mg<\/td>\n<td><\/td>\n<td><\/td>\n<\/tr>\n<\/tbody>\n<\/table>\n<h4><\/h4>\n<div class=\"table-responsive\">\n<table class=\"table\">\n<tbody>\n<tr>\n<td><\/td>\n<td><strong>Zootecnia<\/strong><\/td>\n<td><\/td>\n<td><strong>Antioxidantes<\/strong><\/td>\n<\/tr>\n<tr>\n<td>(DSM 7134)<\/td>\n<td>E. Gaecium<\/td>\n<td>210 x\u00a0<span style=\"font-family: inherit; font-size: inherit;\">10<\/span><sup style=\"font-family: inherit;\">6\u00a0<\/sup><span style=\"font-family: inherit; font-size: inherit;\">CFU\/kg<\/span><\/td>\n<td>BHA<\/td>\n<\/tr>\n<tr>\n<td>(DSM 7133)<\/td>\n<td>L. Rhamnosus<\/td>\n<td>90 x\u00a0<span style=\"font-family: inherit; font-size: inherit;\">10<\/span><sup style=\"font-family: inherit;\">6\u00a0<\/sup><span style=\"font-family: inherit; font-size: inherit;\">CFU\/kg<\/span><\/td>\n<td>BHT<\/td>\n<\/tr>\n<\/tbody>\n<\/table>\n<\/div>\n<p>&nbsp;<\/p>\n<div>\n<table class=\"table\">\n<tbody>\n<tr>\n<td><strong>Organol\u00e9ptico<\/strong><\/td>\n<td><\/td>\n<\/tr>\n<tr>\n<td>Color<\/td>\n<td>Blanco Crema<\/td>\n<\/tr>\n<tr>\n<td>Aspecto<\/td>\n<td>Polvo que fluye homog\u00e9neo sin grumos<\/td>\n<\/tr>\n<tr>\n<td>Sabor<\/td>\n<td>Crema &#8211; Vainilla<\/td>\n<\/tr>\n<\/tbody>\n<\/table>\n<p>&nbsp;<\/p>\n<\/div>\n<table class=\"table\">\n<tbody>\n<tr>\n<td><strong>Microbiol\u00f3gico<\/strong><\/td>\n<td><\/td>\n<\/tr>\n<tr>\n<td>TBC<\/td>\n<td><span style=\"font-family: inherit; font-size: inherit;\">\u2264 10<\/span><sup style=\"font-family: inherit;\">5\u00a0<\/sup><span style=\"font-family: inherit; font-size: inherit;\">cfu\/kg<\/span><\/td>\n<\/tr>\n<tr>\n<td>Coliformes Totales<\/td>\n<td>&lt; <span style=\"font-family: inherit; font-size: inherit;\">10<\/span><sup style=\"font-family: inherit;\">\u00a0<\/sup><span style=\"font-family: inherit; font-size: inherit;\">cfu\/g<\/span><\/td>\n<\/tr>\n<tr>\n<td>E. Coli<\/td>\n<td>&lt; <span style=\"font-family: inherit; font-size: inherit;\">10<\/span><sup style=\"font-family: inherit;\">\u00a0<\/sup><span style=\"font-family: inherit; font-size: inherit;\">cfu\/g<\/span><\/td>\n<\/tr>\n<tr>\n<td>Moho y Levaduras<\/td>\n<td><span style=\"font-family: inherit; font-size: inherit;\">\u2264 10<\/span><sup style=\"font-family: inherit;\">2\u00a0<\/sup><span style=\"font-family: inherit; font-size: inherit;\">cfu\/g<\/span><\/td>\n<\/tr>\n<tr>\n<td>Salmonela<\/td>\n<td>Ausente\/25g<\/td>\n<\/tr>\n<\/tbody>\n<\/table>\n<p>&nbsp;<\/p>\n<p>&nbsp;<\/p>\n<table class=\"table\">\n<tbody>\n<tr>\n<td><strong>Microbiol\u00f3gico<\/strong><\/td>\n<td><\/td>\n<\/tr>\n<tr>\n<td>Fluidez<\/td>\n<td>Excelente<\/td>\n<\/tr>\n<tr>\n<td>Solubilidad<\/td>\n<td>\u2265 95%<\/td>\n<\/tr>\n<tr>\n<td>Higroscopicidad<\/td>\n<td>Bajo<\/td>\n<\/tr>\n<\/tbody>\n<\/table>\n<p>&nbsp;<\/p>\n<h4>Uso:<\/h4>\n<p>El producto debe mezclarse cuidadosamente con agua a 50-55\u00b0 C y administrarse a 38-39\u00b0 C<\/p>\n<p>&nbsp;<\/p>\n<h4>Composici\u00f3n:<\/h4>\n<p>Producto obtenido mediante la mezcla de Suero de Leche en Polvo, Harina de Soja, Aceites Vegetales (Palma y Coco), Suero de Leche Parcialmente Deshidratado, Prote\u00edna de Trigo Hidrolizada, Prote\u00edna de Guisante, Lisina, Bicarbonato de Sodio, Metionina, Mezcla de Sustancias Aromatizantes.<\/p>\n<p>&nbsp;<\/p>\n<h4>Vida \u00datil:<\/h4>\n<p>Consumir preferiblemente dentro de los 12 meses posteriores a la fecha de fabricaci\u00f3n<\/p>\n<p>&nbsp;<\/p>\n<h4>Almacenamiento:<\/h4>\n<p>Almacenar en un lugar fresco y seco, lejos de la luz solar directa y fuentes de calor.<\/p>\n<p>&nbsp;<\/p>\n<h4>Informaci\u00f3n &amp; Contaminantes:<\/h4>\n<p>El producto est\u00e1 dentro de los l\u00edmites de tolerancia establecidos por la legislaci\u00f3n vigente para sustancias t\u00f3xicas (metales pesados, dioxinas, PCB, pesticidas, PAHC). El producto terminado y las materias primas no se tratan con radiaci\u00f3n ionizante.<\/p>\n<p>&nbsp;<\/p>\n<h4>GMO:<\/h4>\n<p>El producto no contiene GMO<\/p>\n<p>&nbsp;<\/p>\n","protected":false},"featured_media":703,"template":"","product_category":[27],"feeding":[39],"class_list":["post-1011","product","type-product","status-publish","has-post-thumbnail","hentry","product_category-proteinas-animales","feeding-rumiante"],"acf":[],"_links":{"self":[{"href":"https:\/\/www.eccofeed.com\/es\/wp-json\/wp\/v2\/product\/1011","targetHints":{"allow":["GET"]}}],"collection":[{"href":"https:\/\/www.eccofeed.com\/es\/wp-json\/wp\/v2\/product"}],"about":[{"href":"https:\/\/www.eccofeed.com\/es\/wp-json\/wp\/v2\/types\/product"}],"wp:featuredmedia":[{"embeddable":true,"href":"https:\/\/www.eccofeed.com\/es\/wp-json\/wp\/v2\/media\/703"}],"wp:attachment":[{"href":"https:\/\/www.eccofeed.com\/es\/wp-json\/wp\/v2\/media?parent=1011"}],"wp:term":[{"taxonomy":"product_category","embeddable":true,"href":"https:\/\/www.eccofeed.com\/es\/wp-json\/wp\/v2\/product_category?post=1011"},{"taxonomy":"feeding","embeddable":true,"href":"https:\/\/www.eccofeed.com\/es\/wp-json\/wp\/v2\/feeding?post=1011"}],"curies":[{"name":"wp","href":"https:\/\/api.w.org\/{rel}","templated":true}]}}