{"id":1013,"date":"2019-11-11T19:49:35","date_gmt":"2019-11-11T23:49:35","guid":{"rendered":"http:\/\/104.238.80.164\/~eccofdweb\/product\/deproteinized-whey-powder\/"},"modified":"2020-02-20T12:49:08","modified_gmt":"2020-02-20T16:49:08","slug":"suero-de-leche-desproteinizado","status":"publish","type":"product","link":"https:\/\/www.eccofeed.com\/es\/product\/suero-de-leche-desproteinizado\/","title":{"rendered":"Suero de Leche Desproteinizado"},"content":{"rendered":"<h4>Especificaci\u00f3n del Producto<\/h4>\n<p>El polvo del suero desproteinizado se produce a trav\u00e9s de la eliminaci\u00f3n de una porci\u00f3n de la prote\u00edna de suero dulce a trav\u00e9s del procesamiento de la ultrafiltraci\u00f3n para producir un producto seco con m\u00e1s del 80% de lactosa.<\/p>\n<p>&nbsp;<\/p>\n<h4>An\u00e1lisis Nutricional T\u00edpico<\/h4>\n<div class=\"table-responsive\">\n<table class=\"table\">\n<tbody>\n<tr>\n<td>Prote\u00edna ( materia seca )<\/td>\n<td>2% Min<\/td>\n<\/tr>\n<tr>\n<td>Lactosa<\/td>\n<td>80% Min<\/td>\n<\/tr>\n<tr>\n<td>Grasa<\/td>\n<td>1% Max<\/td>\n<\/tr>\n<tr>\n<td>Humedad<\/td>\n<td>5% Max<\/td>\n<\/tr>\n<tr>\n<td>Ceniza<\/td>\n<td>9.2%\/10.2% Max<\/td>\n<\/tr>\n<tr>\n<td>pH (Soluci\u00f3n al 10%)<\/td>\n<td>5.0-6.5%<\/td>\n<\/tr>\n<\/tbody>\n<\/table>\n<\/div>\n<p>&nbsp;<\/p>\n<h4>Micro Biologico<\/h4>\n<div class=\"table-responsive\">\n<table class=\"table\">\n<tbody>\n<tr>\n<td>SPC (cfu\/g)<\/td>\n<td>30,000 Max<\/td>\n<\/tr>\n<tr>\n<td>Coliformes (cfu\/g)<\/td>\n<td>10 Max<\/td>\n<\/tr>\n<tr>\n<td>Coli (cfu\/g)<\/td>\n<td>10 Max<\/td>\n<\/tr>\n<tr>\n<td>Salmonella (25g)<\/td>\n<td>Negative\/25g<\/td>\n<\/tr>\n<\/tbody>\n<\/table>\n<\/div>\n<p>&nbsp;<\/p>\n<h4>Minerales<\/h4>\n<div class=\"table-responsive\">\n<table class=\"table\">\n<tbody>\n<tr>\n<td>Sodio (mg\/100g)<\/td>\n<td>892<\/td>\n<\/tr>\n<tr>\n<td>Calcio (mg\/100g)<\/td>\n<td>561<\/td>\n<\/tr>\n<tr>\n<td>Potassio (mg\/100g)<\/td>\n<td>2,650<\/td>\n<\/tr>\n<tr>\n<td>Fosforo (mg\/100g)<\/td>\n<td>801<\/td>\n<\/tr>\n<tr>\n<td>Magnesio (mg\/100g)<\/td>\n<td>127<\/td>\n<\/tr>\n<tr>\n<td>Cloruro (mg\/100g)<\/td>\n<td>1,990<\/td>\n<\/tr>\n<\/tbody>\n<\/table>\n<\/div>\n<p>&nbsp;<\/p>\n<h4>Beneficios<\/h4>\n<ul>\n<li>Sustituto Econ\u00f3mico de Lactosa de Suero<\/li>\n<li>No-higrosc\u00f3pico<\/li>\n<li>Fluye Libremente<\/li>\n<li>Solubilidad Completa<\/li>\n<li>Aprobado por Kosher y Halal<\/li>\n<\/ul>\n<p>&nbsp;<\/p>\n<h4>Aplicaciones<\/h4>\n<ul>\n<li>Producto de Panader\u00eda<\/li>\n<li>Mezclas Secas<\/li>\n<li>Bocadillos<\/li>\n<li>Confecciones<\/li>\n<li>Alimentaci\u00f3n Animal<\/li>\n<\/ul>\n<p>&nbsp;<\/p>\n<h4>Empaque<\/h4>\n<p>Contenedor lleno de bolsas de 25 kg multicapas termoselladas al revestimiento interior en una cubierta de polietileno de 1 tonelada<\/p>\n<p>&nbsp;<\/p>\n<h4>Tama\u00f1o de Malla<\/h4>\n<p>Granular \/ Flujo Libre<\/p>\n<p>&nbsp;<\/p>\n<h4>Etiqueta Recomendada<\/h4>\n<p>Suero en Polvo Desproteinizado, Permeado, Productos L\u00e1cteos<\/p>\n<p>&nbsp;<\/p>\n<h4>Almacenamiento \/ Vida \u00datil<\/h4>\n<p>Se recomiendan condiciones secas \/ ambientales. Almacenar a temperatura ambiente, menos de 80\u00b0 F. El tiempo de almacenamiento es de 2 a\u00f1os. La congelaci\u00f3n podr\u00eda acortar la vida \u00fatil.<\/p>\n<p>&nbsp;<\/p>\n<h4>Certificaci\u00f3n\u00a0KOSHER<\/h4>\n<p>Certificado a trav\u00e9s de cRc.<\/p>\n<p>&nbsp;<\/p>\n<h4>Certificaci\u00f3n HALAL<\/h4>\n<p>Certificado por el Consejo Isl\u00e1mico de Alimentos y Nutrici\u00f3n de Am\u00e9rica (IFANCA)<\/p>\n<p>&nbsp;<\/p>\n<h4>Origen<\/h4>\n<p>Hull, Iowa en los Estados Unidos de Am\u00e9rica<\/p>\n","protected":false},"featured_media":679,"template":"","product_category":[27],"feeding":[40],"class_list":["post-1013","product","type-product","status-publish","has-post-thumbnail","hentry","product_category-proteinas-animales","feeding-cerdo"],"acf":[],"_links":{"self":[{"href":"https:\/\/www.eccofeed.com\/es\/wp-json\/wp\/v2\/product\/1013","targetHints":{"allow":["GET"]}}],"collection":[{"href":"https:\/\/www.eccofeed.com\/es\/wp-json\/wp\/v2\/product"}],"about":[{"href":"https:\/\/www.eccofeed.com\/es\/wp-json\/wp\/v2\/types\/product"}],"wp:featuredmedia":[{"embeddable":true,"href":"https:\/\/www.eccofeed.com\/es\/wp-json\/wp\/v2\/media\/679"}],"wp:attachment":[{"href":"https:\/\/www.eccofeed.com\/es\/wp-json\/wp\/v2\/media?parent=1013"}],"wp:term":[{"taxonomy":"product_category","embeddable":true,"href":"https:\/\/www.eccofeed.com\/es\/wp-json\/wp\/v2\/product_category?post=1013"},{"taxonomy":"feeding","embeddable":true,"href":"https:\/\/www.eccofeed.com\/es\/wp-json\/wp\/v2\/feeding?post=1013"}],"curies":[{"name":"wp","href":"https:\/\/api.w.org\/{rel}","templated":true}]}}