{"id":1218,"date":"2020-02-24T11:25:34","date_gmt":"2020-02-24T15:25:34","guid":{"rendered":"https:\/\/www.eccofeed.com\/product\/milk-replacers-for-piglets\/"},"modified":"2020-02-24T11:39:45","modified_gmt":"2020-02-24T15:39:45","slug":"reemplazadores-de-leche-para-lechones","status":"publish","type":"product","link":"https:\/\/www.eccofeed.com\/es\/product\/reemplazadores-de-leche-para-lechones\/","title":{"rendered":"Reemplazadores de Leche para Lechones"},"content":{"rendered":"<h3>Especificaciones del Producto<\/h3>\n<h4>Caracter\u00edsticas Qu\u00edmicas:<\/h4>\n<div class=\"table-responsive\">\n<table class=\"table\">\n<tbody>\n<tr>\n<td>Prote\u00edna Cruda<\/td>\n<td>21.00%<\/td>\n<\/tr>\n<tr>\n<td>Grasa Cruda<\/td>\n<td>15.00%<\/td>\n<\/tr>\n<tr>\n<td>Fibra Cruda<\/td>\n<td>0.10%<\/td>\n<\/tr>\n<tr>\n<td>Lisina<\/td>\n<td>1.60%<\/td>\n<\/tr>\n<tr>\n<td>Metionina + Ciste\u00edna<\/td>\n<td>1.24%<\/td>\n<\/tr>\n<tr>\n<td>Ceniza Cruda<\/td>\n<td>6.00%<\/td>\n<\/tr>\n<tr>\n<td>Calcio<\/td>\n<td>0.60%<\/td>\n<\/tr>\n<tr>\n<td>Sodio<\/td>\n<td>0.55%<\/td>\n<\/tr>\n<tr>\n<td>F\u00f3sforo<\/td>\n<td>0.50%<\/td>\n<\/tr>\n<\/tbody>\n<\/table>\n<p>&nbsp;<\/p>\n<\/div>\n<table class=\"table\">\n<tbody>\n<tr>\n<td><strong>Amino Acidos<\/strong><\/td>\n<td><\/td>\n<\/tr>\n<tr>\n<td>L-Lisina<\/td>\n<td>20.000 mg<\/td>\n<\/tr>\n<\/tbody>\n<\/table>\n<p>&nbsp;<\/p>\n<table class=\"table\">\n<tbody>\n<tr>\n<td><strong>Vitaminas<\/strong><\/td>\n<td><\/td>\n<td><strong>Minerales<\/strong><\/td>\n<td><\/td>\n<\/tr>\n<tr>\n<td>Vitamina A (E672)<\/td>\n<td style=\"text-align: right;\">45.800 UI<\/td>\n<td>Sulfato de Cobre Pentahidratado (E4)<\/td>\n<td style=\"text-align: right;\">575 mg<\/td>\n<\/tr>\n<tr>\n<td>Vitamina D3 (E671)<\/td>\n<td style=\"text-align: right;\">4.500 UI<\/td>\n<td>Tetrahidrato de Sulfato de Hierro (E1)<\/td>\n<td style=\"text-align: right;\">780 mg<\/td>\n<\/tr>\n<tr>\n<td>Vitamina E<\/td>\n<td style=\"text-align: right;\">250 mg<\/td>\n<td>Monohidrato de Sulfato de Manganeso (E5)<\/td>\n<td style=\"text-align: right;\">90 mg<\/td>\n<\/tr>\n<tr>\n<td>Vitamina B1<\/td>\n<td style=\"text-align: right;\">1 mg<\/td>\n<td>Sulfato de Zinc (E6)<\/td>\n<td style=\"text-align: right;\">173 mg<\/td>\n<\/tr>\n<tr>\n<td>Vitamina B2<\/td>\n<td style=\"text-align: right;\">2,7 mg<\/td>\n<td>Yoduro de Potasio (E2)<\/td>\n<td style=\"text-align: right;\">1,5 mg<\/td>\n<\/tr>\n<tr>\n<td>Vitamina B6<\/td>\n<td style=\"text-align: right;\">2 mg<\/td>\n<td>Monohidrato B\u00e1sico de Carbonato de Cobalto (E3)<\/td>\n<td style=\"text-align: right;\">0,30 mg<\/td>\n<\/tr>\n<tr>\n<td>Vitamina B12<\/td>\n<td style=\"text-align: right;\">0,03 mg<\/td>\n<td>Selenita de Sodio (E8)<\/td>\n<td style=\"text-align: right;\">0,5 mg<\/td>\n<\/tr>\n<tr>\n<td>Vitamina K<\/td>\n<td style=\"text-align: right;\">6 mg<\/td>\n<td><\/td>\n<td><\/td>\n<\/tr>\n<tr>\n<td>Vitamina PP (Niacinamida)<\/td>\n<td style=\"text-align: right;\">10 mg<\/td>\n<td><\/td>\n<td><\/td>\n<\/tr>\n<tr>\n<td>Vitamina C (E300)<\/td>\n<td style=\"text-align: right;\">48 mg<\/td>\n<td><\/td>\n<td><\/td>\n<\/tr>\n<tr>\n<td>\u00c1cido Pantot\u00e9nico<\/td>\n<td style=\"text-align: right;\">8,5 mg<\/td>\n<td><\/td>\n<td><\/td>\n<\/tr>\n<tr>\n<td>Cloruro de Colina<\/td>\n<td style=\"text-align: right;\">150 mg<\/td>\n<td><\/td>\n<td><\/td>\n<\/tr>\n<tr>\n<td>Clorhidrato de Beta\u00edna<\/td>\n<td style=\"text-align: right;\">200 mg<\/td>\n<td><\/td>\n<td><\/td>\n<\/tr>\n<\/tbody>\n<\/table>\n<p>&nbsp;<\/p>\n<h4>Uso:<\/h4>\n<p>Usar de 250g a 500g por litro de agua y mezcle bien.<\/p>\n<p>&nbsp;<\/p>\n<h4>Composici\u00f3n:<\/h4>\n<p>Producto obtenido al mezclar Concentrado de Prote\u00edna de Suero, Suero de Leche en Polvo, Suero de Coco, Suero Engrasado de Palma, Prote\u00edna de Trigo Hidrolizada, Prote\u00edna de Guisante, Harina de Trigo, Carbonato de Calcio, Levadura Inactivada (Saccharomyces Cerevisiae).<\/p>\n<p>&nbsp;<\/p>\n<h4>Vida \u00datil:<\/h4>\n<p>Consumir preferiblemente dentro de los 12 meses posteriores a la fecha de fabricaci\u00f3n.<\/p>\n<p>&nbsp;<\/p>\n<h4>Almacenamiento:<\/h4>\n<p>Almacenar en un lugar fresco y seco, lejos de la luz solar directa y fuentes de calor.<\/p>\n","protected":false},"featured_media":705,"template":"","product_category":[27],"feeding":[40],"class_list":["post-1218","product","type-product","status-publish","has-post-thumbnail","hentry","product_category-proteinas-animales","feeding-cerdo"],"acf":[],"_links":{"self":[{"href":"https:\/\/www.eccofeed.com\/es\/wp-json\/wp\/v2\/product\/1218","targetHints":{"allow":["GET"]}}],"collection":[{"href":"https:\/\/www.eccofeed.com\/es\/wp-json\/wp\/v2\/product"}],"about":[{"href":"https:\/\/www.eccofeed.com\/es\/wp-json\/wp\/v2\/types\/product"}],"wp:featuredmedia":[{"embeddable":true,"href":"https:\/\/www.eccofeed.com\/es\/wp-json\/wp\/v2\/media\/705"}],"wp:attachment":[{"href":"https:\/\/www.eccofeed.com\/es\/wp-json\/wp\/v2\/media?parent=1218"}],"wp:term":[{"taxonomy":"product_category","embeddable":true,"href":"https:\/\/www.eccofeed.com\/es\/wp-json\/wp\/v2\/product_category?post=1218"},{"taxonomy":"feeding","embeddable":true,"href":"https:\/\/www.eccofeed.com\/es\/wp-json\/wp\/v2\/feeding?post=1218"}],"curies":[{"name":"wp","href":"https:\/\/api.w.org\/{rel}","templated":true}]}}