{"id":973,"date":"2019-11-11T20:47:10","date_gmt":"2019-11-12T00:47:10","guid":{"rendered":"http:\/\/104.238.80.164\/~eccofdweb\/product\/eccomix-equine\/"},"modified":"2020-02-20T17:34:20","modified_gmt":"2020-02-20T21:34:20","slug":"eccomix-equino","status":"publish","type":"product","link":"https:\/\/www.eccofeed.com\/es\/product\/eccomix-equino\/","title":{"rendered":"Eccomix\u00ae Equino"},"content":{"rendered":"<h3><strong>Especificaciones del Producto<\/strong><\/h3>\n<h4>An\u00e1lisis Nutricional<\/h4>\n<div class=\"table-responsive\">\n<div class=\"table-responsive\">\n<table class=\"table\">\n<tbody>\n<tr>\n<td>Vitamina A<\/td>\n<td>1,600,000.00 UI<\/td>\n<\/tr>\n<tr>\n<td>Vitamina D-3<\/td>\n<td>200,000.00 UI<\/td>\n<\/tr>\n<tr>\n<td>Vitamina E<\/td>\n<td>4,000.00 UI<\/td>\n<\/tr>\n<tr>\n<td>Vitamina K3<\/td>\n<td>100.00 mg<\/td>\n<\/tr>\n<tr>\n<td>Vitamina B1<\/td>\n<td>600.00 mg<\/td>\n<\/tr>\n<tr>\n<td>Vitamina B2<\/td>\n<td>1,200.00 mg<\/td>\n<\/tr>\n<tr>\n<td>Acido Pantot\u00e9nico<\/td>\n<td>2,000.00 mg<\/td>\n<\/tr>\n<tr>\n<td>Niacina<\/td>\n<td>4,000.00 mg<\/td>\n<\/tr>\n<tr>\n<td>Vitamina B6<\/td>\n<td>400.00 mg<\/td>\n<\/tr>\n<tr>\n<td>Acido F\u00f3lico<\/td>\n<td>200.00 mg<\/td>\n<\/tr>\n<tr>\n<td>Vitamina B12<\/td>\n<td>6.00 mg<\/td>\n<\/tr>\n<tr>\n<td>Biotina<\/td>\n<td>40.00 mg<\/td>\n<\/tr>\n<tr>\n<td>Colina<\/td>\n<td>40,000.00 mg<\/td>\n<\/tr>\n<tr>\n<td>F\u00f3sfato<\/td>\n<td>13.58%<\/td>\n<\/tr>\n<tr>\n<td>Manganeso<\/td>\n<td>12,000.00 mg<\/td>\n<\/tr>\n<tr>\n<td>Zinc<\/td>\n<td>20,000.00 mg<\/td>\n<\/tr>\n<tr>\n<td>Hierro<\/td>\n<td>14,000.00 mg<\/td>\n<\/tr>\n<tr>\n<td>Cobre<\/td>\n<td>2,000.00 mg<\/td>\n<\/tr>\n<tr>\n<td>Yodo<\/td>\n<td>20.00 mg<\/td>\n<\/tr>\n<tr>\n<td>Selenio<\/td>\n<td>20.00 mg<\/td>\n<\/tr>\n<tr>\n<td>Cobalto<\/td>\n<td>20.00 mg<\/td>\n<\/tr>\n<tr>\n<td>Carbonato de Calcio<\/td>\n<td>1.00 kg<\/td>\n<\/tr>\n<\/tbody>\n<\/table>\n<\/div>\n<\/div>\n<p>&nbsp;<\/p>\n<h4>Ingredientes<\/h4>\n<p>Acetato de Vitamina A, Acetato de Vitamina D3, DL-Alfa Tocoferol (Vitamina E), Bisulfito de Sodio y Menadiona, Mononitrato de Tiamina, Riboflavina, Clorhidrato de Piridoxina, Acido Nicot\u00ednico, Pantotenato de Calcio, Cianocobalamina, Folacina, Biotina, Cloruro de Colina, Fosfato Monoc\u00e1lcico, Sulfato de Cobre, Carbonato de Hierro, Oxido de Manganeso, Oxido de Zinc, Carbonato de Cobalto, Selenito de Sodio, Yodo Org\u00e1nico, Manganeso Org\u00e1nico, Zinc Org\u00e1nico, Cobre Org\u00e1nico y Carbonato de Calco como veh\u00edculo. Los Mn, Zn y CU Org\u00e1nicos sustituyen el 30% del total requerido.<\/p>\n<h4>Dosis:<\/h4>\n<p>5kg por tonelada m\u00e9trica de alimento<\/p>\n<h4>Presentaci\u00f3n<\/h4>\n<p>Bolsas de 25kg<\/p>\n<h4>Durabilidad<\/h4>\n<p>1 a\u00f1o desde la fecha de fabricaci\u00f3n.<\/p>\n","protected":false},"featured_media":1100,"template":"","product_category":[33],"feeding":[36],"class_list":["post-973","product","type-product","status-publish","has-post-thumbnail","hentry","product_category-premezclas","feeding-equino"],"acf":[],"_links":{"self":[{"href":"https:\/\/www.eccofeed.com\/es\/wp-json\/wp\/v2\/product\/973","targetHints":{"allow":["GET"]}}],"collection":[{"href":"https:\/\/www.eccofeed.com\/es\/wp-json\/wp\/v2\/product"}],"about":[{"href":"https:\/\/www.eccofeed.com\/es\/wp-json\/wp\/v2\/types\/product"}],"wp:featuredmedia":[{"embeddable":true,"href":"https:\/\/www.eccofeed.com\/es\/wp-json\/wp\/v2\/media\/1100"}],"wp:attachment":[{"href":"https:\/\/www.eccofeed.com\/es\/wp-json\/wp\/v2\/media?parent=973"}],"wp:term":[{"taxonomy":"product_category","embeddable":true,"href":"https:\/\/www.eccofeed.com\/es\/wp-json\/wp\/v2\/product_category?post=973"},{"taxonomy":"feeding","embeddable":true,"href":"https:\/\/www.eccofeed.com\/es\/wp-json\/wp\/v2\/feeding?post=973"}],"curies":[{"name":"wp","href":"https:\/\/api.w.org\/{rel}","templated":true}]}}