{"id":983,"date":"2019-11-11T20:32:26","date_gmt":"2019-11-12T00:32:26","guid":{"rendered":"http:\/\/104.238.80.164\/~eccofdweb\/product\/anti-stress-agent\/"},"modified":"2020-02-21T10:41:48","modified_gmt":"2020-02-21T14:41:48","slug":"agente-anti-stress","status":"publish","type":"product","link":"https:\/\/www.eccofeed.com\/es\/product\/agente-anti-stress\/","title":{"rendered":"Agente Anti-Stress"},"content":{"rendered":"<h4>Caracteristicas<\/h4>\n<ul>\n<li>Combinaci\u00f3n de electrolitos, amino\u00e1cidos, vitaminas, minerales y probi\u00f3ticos y productos de fermentaci\u00f3n.<\/li>\n<li>Libre de cualquier antibi\u00f3tico o droga<\/li>\n<li>Agua soluble<\/li>\n<li>Altamente dispersable<\/li>\n<\/ul>\n<p>&nbsp;<\/p>\n<h4>Beneficios<\/h4>\n<ul>\n<li>Ayuda a superar el estr\u00e9s debido a la audici\u00f3n, el hacinamiento, el transporte, la enfermedad, el cambio de alimento, la vacunaci\u00f3n, la desparasitaci\u00f3n, etc.<\/li>\n<li>Promueve la digesti\u00f3n y la absorci\u00f3n de nutrientes.<\/li>\n<li>Ayuda a mejorar la ingesta de alimento, el aumento de peso corporal y la relaci\u00f3n de conversi\u00f3n alimenticia<\/li>\n<li>Mejora la palatabilidad del alimento.<\/li>\n<li>Ayuda a la restauraci\u00f3n r\u00e1pida de la microflora intestinal despu\u00e9s de antibi\u00f3ticos o quimioterapia.<\/li>\n<li>No t\u00f3xico en los niveles recomendados, f\u00e1cilmente disponible y de uso econ\u00f3mico.<\/li>\n<\/ul>\n<p>&nbsp;<\/p>\n<h4>Composici\u00f3n<\/h4>\n<p>Se compone de Bicarbonato de Sodio, Cloruro de Sodio, Cloruro de Potasio, Sulfato de Cobre, Cloruro de Cobalto, Yoduro de Potasio, Selenito de Sodio, junto con Clorhidrato de L-Lisina, \u00c1cido T\u00e1nico, Vitamina A, Vitamina D3, Vitamina E, Vitamina K, Vitamina C, Mononitrato de Tiamina, Clorhidrato de Riboflavina, Clorhidrato de Piridoxina, \u00c1cido Pantot\u00e9nico, \u00c1cido F\u00f3lico, Menadiona Dimetil Pirimidol, Lactobacilius Acidophilus, Lactobacillus Lactis y sus productos de fermentaci\u00f3n.<\/p>\n<h4>Niveles de Inclusi\u00f3n<\/h4>\n<p>Se recomienda a raz\u00f3n de 1 kg por 1000 litros de agua de 1 kg por tonelada de alimento. Los niveles de inclusi\u00f3n pueden duplicarse en caso de estr\u00e9s severo.<\/p>\n<h4>Aplicaci\u00f3n<\/h4>\n<p>Se recomienda disolverlo en agua y administrarlo a las aves o agregarlo directamente al Mezclador o agregarlo a la Premezcla. Para obtener los mejores resultados, asegure una adici\u00f3n precisa y una mezcla completa del producto.<\/p>\n<h4>Estabilidad<\/h4>\n<p>Es estable durante 18 meses a partir de la fecha de fabricaci\u00f3n.<\/p>\n<h4>Almacenamiento<\/h4>\n<p>Almacenar en un lugar fresco y seco, lejos de la luz solar. Mantener el recipiente cerrado cuando no est\u00e9 en uso.<\/p>\n<h4>Presentaci\u00f3n<\/h4>\n<p>Disponible en bolsas de aluminio de 1 kg (2.2 lb), 5 kg (11 lb) y WPP de alta calidad de 25 kg (55 lb) con bolsas forradas de HDPE.<\/p>\n<h4>Compatibilidad<\/h4>\n<p>Es compatible para su uso con todos los ingredientes utilizados com\u00fanmente en piensos y premezclas.<\/p>\n","protected":false},"featured_media":1096,"template":"","product_category":[26],"feeding":[38],"class_list":["post-983","product","type-product","status-publish","has-post-thumbnail","hentry","product_category-aditivos-ingredientes","feeding-aves"],"acf":[],"_links":{"self":[{"href":"https:\/\/www.eccofeed.com\/es\/wp-json\/wp\/v2\/product\/983","targetHints":{"allow":["GET"]}}],"collection":[{"href":"https:\/\/www.eccofeed.com\/es\/wp-json\/wp\/v2\/product"}],"about":[{"href":"https:\/\/www.eccofeed.com\/es\/wp-json\/wp\/v2\/types\/product"}],"wp:featuredmedia":[{"embeddable":true,"href":"https:\/\/www.eccofeed.com\/es\/wp-json\/wp\/v2\/media\/1096"}],"wp:attachment":[{"href":"https:\/\/www.eccofeed.com\/es\/wp-json\/wp\/v2\/media?parent=983"}],"wp:term":[{"taxonomy":"product_category","embeddable":true,"href":"https:\/\/www.eccofeed.com\/es\/wp-json\/wp\/v2\/product_category?post=983"},{"taxonomy":"feeding","embeddable":true,"href":"https:\/\/www.eccofeed.com\/es\/wp-json\/wp\/v2\/feeding?post=983"}],"curies":[{"name":"wp","href":"https:\/\/api.w.org\/{rel}","templated":true}]}}