{"id":987,"date":"2019-11-11T20:27:48","date_gmt":"2019-11-12T00:27:48","guid":{"rendered":"http:\/\/104.238.80.164\/~eccofdweb\/product\/mycotoxins-adsorbents\/"},"modified":"2020-02-20T18:08:14","modified_gmt":"2020-02-20T22:08:14","slug":"atrapante-de-micotoxinas-fixar","status":"publish","type":"product","link":"https:\/\/www.eccofeed.com\/es\/product\/atrapante-de-micotoxinas-fixar\/","title":{"rendered":"Atrapante de Micotoxinas Fixar\u00ae"},"content":{"rendered":"<h4>Caracteristicas<\/h4>\n<ul>\n<li>Combinaci\u00f3n equilibrada de varios silicatos especialmente tratados con \u00e1cidos org\u00e1nicos y surfactantes.<\/li>\n<li>Compuesto de silicatos cuidadosamente seleccionados para el tama\u00f1o de poro.<\/li>\n<li>Contiene part\u00edculas de tama\u00f1o microfino que ofrecen el mayor n\u00famero de part\u00edculas y la mayor superficie por unidad de volumen.<\/li>\n<li>Flujo libre y no t\u00f3xico.<\/li>\n<\/ul>\n<h4>Beneficios<\/h4>\n<ul>\n<li>Se une a una amplia gama de micotoxinas presentes en el alimento<\/li>\n<li>Se une a las cantidades m\u00e1ximas de micotoxinas presentes en el alimento<\/li>\n<li>Evita que las micotoxinas sean absorbidas por los animales en el intestino, por lo tanto, sus efectos adversos<\/li>\n<li>Se une selectivamente a las micotoxinas y ahorra vitaminas, minerales y otros nutrientes.<\/li>\n<li>Tiene el mayor n\u00famero de part\u00edculas y la mayor superficie por unidad de volumen en su categor\u00eda.<\/li>\n<li>Se distribuye uniformemente en la alimentaci\u00f3n.<\/li>\n<li>Libre de metales pesados y otras impurezas.<\/li>\n<li>Estable a las temperaturas de granulaci\u00f3n y extrusi\u00f3n<\/li>\n<li>Estable en variaciones clim\u00e1ticas y durante largos per\u00edodos de almacenamiento.<\/li>\n<li>No tiene efectos residuales ni per\u00edodos de retiro.<\/li>\n<li>Mejora el rendimiento animal y la productividad.<\/li>\n<li>Seguro, econ\u00f3mico y f\u00e1cil de usar.<\/li>\n<\/ul>\n<h4>Composici\u00f3n<\/h4>\n<p>Es una combinaci\u00f3n sin\u00e9rgica de al\u00famina y otros silicatos, \u00e1cidos org\u00e1nicos, sus sales y tensioactivos.<\/p>\n<h4>Niveles de Inclusi\u00f3n<\/h4>\n<p>Se recomienda a raz\u00f3n de 2 a 2.5 kg (4.4 a 5.5 lb) por tonelada de alimento, independientemente de los niveles de micotoxinas en el alimento o en las materias primas molidas.<\/p>\n<h4>Aplicaci\u00f3n<\/h4>\n<p>Se recomienda agregarlo directamente al Mezclador. Para obtener los mejores resultados, asegure una adici\u00f3n precisa y una mezcla completa del producto.<\/p>\n<h4>Estabilidad<\/h4>\n<p>Es estable durante 24 meses a partir de la fecha de fabricaci\u00f3n.<\/p>\n<h4>Almacenamiento<\/h4>\n<p>Debe almacenarse en un lugar fresco y seco, lejos de la luz solar. Mantener el recipiente cerrado cuando no est\u00e9 en uso.<\/p>\n<h4>Presentaci\u00f3n<\/h4>\n<p>Disponible en bolsas de 25 kg (55 lb) de alta calidad WPP forradas de HDPE.<\/p>\n<h4>Compatibilidad<\/h4>\n<p>Es compatible para su uso con todos los ingredientes utilizados com\u00fanmente en piensos y premezclas.<\/p>\n","protected":false},"featured_media":941,"template":"","product_category":[26],"feeding":[38,40,35,39],"class_list":["post-987","product","type-product","status-publish","has-post-thumbnail","hentry","product_category-aditivos-ingredientes","feeding-aves","feeding-cerdo","feeding-acuicultura","feeding-rumiante"],"acf":[],"_links":{"self":[{"href":"https:\/\/www.eccofeed.com\/es\/wp-json\/wp\/v2\/product\/987","targetHints":{"allow":["GET"]}}],"collection":[{"href":"https:\/\/www.eccofeed.com\/es\/wp-json\/wp\/v2\/product"}],"about":[{"href":"https:\/\/www.eccofeed.com\/es\/wp-json\/wp\/v2\/types\/product"}],"wp:featuredmedia":[{"embeddable":true,"href":"https:\/\/www.eccofeed.com\/es\/wp-json\/wp\/v2\/media\/941"}],"wp:attachment":[{"href":"https:\/\/www.eccofeed.com\/es\/wp-json\/wp\/v2\/media?parent=987"}],"wp:term":[{"taxonomy":"product_category","embeddable":true,"href":"https:\/\/www.eccofeed.com\/es\/wp-json\/wp\/v2\/product_category?post=987"},{"taxonomy":"feeding","embeddable":true,"href":"https:\/\/www.eccofeed.com\/es\/wp-json\/wp\/v2\/feeding?post=987"}],"curies":[{"name":"wp","href":"https:\/\/api.w.org\/{rel}","templated":true}]}}