{"id":992,"date":"2019-11-11T20:22:47","date_gmt":"2019-11-12T00:22:47","guid":{"rendered":"http:\/\/104.238.80.164\/~eccofdweb\/product\/by-passfat\/"},"modified":"2020-02-20T17:23:08","modified_gmt":"2020-02-20T21:23:08","slug":"grasa-de-sobrepaso","status":"publish","type":"product","link":"https:\/\/www.eccofeed.com\/es\/product\/grasa-de-sobrepaso\/","title":{"rendered":"Grasa de Sobrepaso"},"content":{"rendered":"<h3>Especificaciones del Producto<\/h3>\n<p>La grasa bypass de ECCO es una sal de calcio de \u00e1cidos grasos de cadena larga fabricada por Tarome Incorporated. El proceso de fabricaci\u00f3n patentado de Tarome garantiza que la grasa bypass de ECCO contribuya con sales de calcio de \u00e1cidos grasos de cadena larga de la m\u00e1s alta pureza. La grasa bypass de ECCO es una fuente de energ\u00eda concentrada m\u00e1s segura que no interferir\u00e1 con la fermentaci\u00f3n ruminal. Los suplementos de energ\u00eda de sal de calcio han demostrado consistentemente beneficios nutricionales cuando las vacas requieren raciones de mayor densidad de energ\u00eda. Los nutricionistas y los lecheros progresivos pueden utilizar la grasa bypass de ECCO para mejorar sus formulaciones alimenticias, maximizar la producci\u00f3n de leche y aumentar la rentabilidad. La energ\u00eda diet\u00e9tica mejorada obtenida al alimentar la grasa bypass de ECCO tambi\u00e9n puede mejorar la condici\u00f3n corporal y la reproducci\u00f3n.<\/p>\n<p>&nbsp;<\/p>\n<h4>An\u00e1lisis Nutricional T\u00edpico<\/h4>\n<table class=\"table\">\n<tbody>\n<tr>\n<td>Grasa Cruda<\/td>\n<td>82.5% Min.<\/td>\n<\/tr>\n<tr>\n<td>Calcio<\/td>\n<td>8.0% Min.<\/td>\n<\/tr>\n<tr>\n<td>Calcio<\/td>\n<td>9.5% Max.<\/td>\n<\/tr>\n<tr>\n<td>Humedad<\/td>\n<td>5-7%<\/td>\n<\/tr>\n<\/tbody>\n<\/table>\n<p>&nbsp;<\/p>\n<h4>Ingredientes<\/h4>\n<p>Sales de calcio de \u00e1cidos grasos de cadena larga, BHT y \u00e1cido c\u00edtrico (como conservantes).<\/p>\n<p>&nbsp;<\/p>\n<h4>Perfil T\u00edpico de \u00c1cidos Grasos<\/h4>\n<table class=\"table\">\n<tbody>\n<tr>\n<td>Palm\u00edtico (16-0)<\/td>\n<td>42-50%<\/td>\n<\/tr>\n<tr>\n<td>Este\u00e1rico (18-0)<\/td>\n<td>3-8%<\/td>\n<\/tr>\n<tr>\n<td>Oleico (18-1)<\/td>\n<td>35-40%<\/td>\n<\/tr>\n<tr>\n<td>Linoleico (18-2)<\/td>\n<td>9-13%<\/td>\n<\/tr>\n<\/tbody>\n<\/table>\n<p>&nbsp;<\/p>\n<h4>Valores Energ\u00e9ticos<\/h4>\n<p>Energ\u00eda Neta de Lactancia &#8211; 2.96 Mcal\/lb<\/p>\n<p>&nbsp;<\/p>\n<h4>Empaque<\/h4>\n<p>La grasa bypass de ECCO est\u00e1 disponible en bolsas multipared de peso de apuesta de 50 lb, paletizadas y envueltas, a granel y en bolsas de polietileno de una (1) tonelada.<\/p>\n<p>&nbsp;<\/p>\n<h4>Densidad a Granel<\/h4>\n<p>La densidad aparente de la grasa bypass de ECCO es de 28-32 libras por pie c\u00fabico, para asegurar una mezcla uniforme en la mayor\u00eda de las situaciones.<\/p>\n<p>&nbsp;<\/p>\n<h4>Informaci\u00f3n del Manejo<\/h4>\n<p>La grasa bypass de ECCO es granular, seca, fluye libremente y no se derrite ni se congela durante el almacenamiento. Es estable y est\u00e1 bien adaptado para la granulaci\u00f3n.<\/p>\n<p>&nbsp;<\/p>\n<h4>Sugerencias de alimentaci\u00f3n<\/h4>\n<p>Las sales de calcio de \u00e1cidos grasos de cadena larga de la marca Bypass Fat de ECCO han sido dise\u00f1adas para usarse siempre que la energ\u00eda sea limitante en las raciones de rumiantes. Su alto contenido de energ\u00eda neta para lactancia de 2.96 Mcal \/ lb. es ideal para usar durante per\u00edodos de balance energ\u00e9tico negativo, como alta producci\u00f3n de leche, raciones de vaquillas de primer ternero, calor, fr\u00edo y otras condiciones de estr\u00e9s ambiental.<\/p>\n<p>La grasa de derivaci\u00f3n de ECCO debe alimentarse a raz\u00f3n de 0.5 lb a 2.0 lbs. por vaca por d\u00eda para cumplir con los requisitos de energ\u00eda necesarios de la vaca de alta producci\u00f3n. Como con todos los cambios en la formulaci\u00f3n del alimento, una introducci\u00f3n gradual de un nuevo ingrediente alimenticio es m\u00e1s beneficiosa.<\/p>\n<p>Al equilibrar la raci\u00f3n que contiene grasa derivada de ECCO, tenga en cuenta que los niveles de prote\u00edna, particularmente la prote\u00edna no degradable en el rumen, deben ser consistentes con la energ\u00eda disponible.<\/p>\n<p>&nbsp;<\/p>\n","protected":false},"featured_media":659,"template":"","product_category":[31],"feeding":[39],"class_list":["post-992","product","type-product","status-publish","has-post-thumbnail","hentry","product_category-aceites-y-grasas","feeding-rumiante"],"acf":[],"_links":{"self":[{"href":"https:\/\/www.eccofeed.com\/es\/wp-json\/wp\/v2\/product\/992","targetHints":{"allow":["GET"]}}],"collection":[{"href":"https:\/\/www.eccofeed.com\/es\/wp-json\/wp\/v2\/product"}],"about":[{"href":"https:\/\/www.eccofeed.com\/es\/wp-json\/wp\/v2\/types\/product"}],"wp:featuredmedia":[{"embeddable":true,"href":"https:\/\/www.eccofeed.com\/es\/wp-json\/wp\/v2\/media\/659"}],"wp:attachment":[{"href":"https:\/\/www.eccofeed.com\/es\/wp-json\/wp\/v2\/media?parent=992"}],"wp:term":[{"taxonomy":"product_category","embeddable":true,"href":"https:\/\/www.eccofeed.com\/es\/wp-json\/wp\/v2\/product_category?post=992"},{"taxonomy":"feeding","embeddable":true,"href":"https:\/\/www.eccofeed.com\/es\/wp-json\/wp\/v2\/feeding?post=992"}],"curies":[{"name":"wp","href":"https:\/\/api.w.org\/{rel}","templated":true}]}}