{"id":998,"date":"2019-11-11T20:16:36","date_gmt":"2019-11-12T00:16:36","guid":{"rendered":"http:\/\/104.238.80.164\/~eccofdweb\/product\/acidulated-soybeanoil\/"},"modified":"2020-03-04T10:27:52","modified_gmt":"2020-03-04T14:27:52","slug":"acidulated-soybeanoil","status":"publish","type":"product","link":"https:\/\/www.eccofeed.com\/es\/product\/acidulated-soybeanoil\/","title":{"rendered":"Aceite Acidulado de Soya"},"content":{"rendered":"<h3>Especificaciones del Producto<\/h3>\n<p>&nbsp;<\/p>\n<p class=\"Default\">100% a base de soya, energ\u00eda extra metabolizable con propiedades aglutinantes y emulsificantes.<\/p>\n<h4>Indicaci\u00f3n de Uso:<\/h4>\n<p class=\"Default\">Ingrediente para la alimentaci\u00f3n av\u00edcola y porcina. Indicada para pienso en peletizado y aves j\u00f3venes.<\/p>\n<h4>Periodo de Vida \u00datil:<\/h4>\n<p>1 a\u00f1o<\/p>\n<h4>An\u00e1lisis Tecnico:<\/h4>\n<p class=\"Default\">Humedad e impurezas, \u00e1cidos grasos totales, masa especifica, indice de acidez, indice de yodo, valor de saponificaci\u00f3n, materia insaponificable e indice de per\u00f3xido.<\/p>\n<h4>Composici\u00f3n del Producto<\/h4>\n<div class=\"table-responsive\">\n<div class=\"table-responsive\">\n<table class=\"table\">\n<tbody>\n<tr>\n<td><strong>Parametro<\/strong><\/td>\n<td><strong>M\u00e9todo<\/strong><\/td>\n<td><strong>Unidad<\/strong><\/td>\n<td><strong>Garantia<\/strong><\/td>\n<\/tr>\n<tr>\n<td>Humedad<\/td>\n<td>AOCS Ea 8-58 \/ ISO 663<\/td>\n<td>% m\/m max.<\/td>\n<td>2.00<\/td>\n<\/tr>\n<tr>\n<td>Impurezas<\/td>\n<td>AOCS Ea 8-58 \/ ISO 663<\/td>\n<td>% m\/m max.<\/td>\n<td>2.00<\/td>\n<\/tr>\n<tr>\n<td>MIU (Humedad+Impurezas+Insaponificable)<\/td>\n<td>AOCS Ea 8-58 \/ ISO 663<\/td>\n<td>% m\/m max.<\/td>\n<td>6.00<\/td>\n<\/tr>\n<tr>\n<td>Materia Grasa Total<\/td>\n<td>Laboratorio Interno<\/td>\n<td>% m\/m min.<\/td>\n<td>94.00<\/td>\n<\/tr>\n<tr>\n<td>Gravedad Especifica<\/td>\n<td>ASTM 1298<\/td>\n<td>% m\/v<\/td>\n<td>approx. 0.88<\/td>\n<\/tr>\n<tr>\n<td>Acidos Grasos Libres<\/td>\n<td>ISO660<\/td>\n<td>% m\/m max.<\/td>\n<td>65.0<\/td>\n<\/tr>\n<tr>\n<td>Indice de Yodo<\/td>\n<td>ISO3961<\/td>\n<td>Mgl2\/g min.<\/td>\n<td>115.0<\/td>\n<\/tr>\n<tr>\n<td>Indice de Per\u00f3xido<\/td>\n<td>AOAC<\/td>\n<td>Meq\/kg max.<\/td>\n<td>5.00<\/td>\n<\/tr>\n<tr>\n<td>Apariencia\/color (22\u00b0C)<\/td>\n<td>Visual<\/td>\n<td>&#8211;<\/td>\n<td>Marr\u00f3n oscuro, liquido viscoso<\/td>\n<\/tr>\n<\/tbody>\n<\/table>\n<\/div>\n<p>&nbsp;<\/p>\n<\/div>\n<h4>Matriz Nutricional<\/h4>\n<div class=\"table-responsive\">\n<div class=\"table-responsive\">\n<table class=\"table\">\n<tbody>\n<tr>\n<td><strong>Parametro<\/strong><\/td>\n<td><strong>Unidad<\/strong><\/td>\n<td><strong>Comp<\/strong><\/td>\n<\/tr>\n<tr>\n<td>Grasa Cruda<\/td>\n<td>%<\/td>\n<td>min. 98.0<\/td>\n<\/tr>\n<tr>\n<td>Energ\u00eda Bruta<\/td>\n<td>Kcal\/kg<\/td>\n<td>min. 9.100<\/td>\n<\/tr>\n<tr>\n<td>Energ\u00eda Metabolizable de Pollos<\/td>\n<td>Kcal\/kg<\/td>\n<td>min. 8.350<\/td>\n<\/tr>\n<tr>\n<td>\u00c1cido Butirico (C4)<\/td>\n<td>%<\/td>\n<td>min. 0.80<\/td>\n<\/tr>\n<tr>\n<td>\u00c1cido Miristico (C 14:0)<\/td>\n<td>%<\/td>\n<td>min. 0.20<\/td>\n<\/tr>\n<tr>\n<td>\u00c1cido Pamitico (C 16:0)<\/td>\n<td>%<\/td>\n<td>min. 9.00<\/td>\n<\/tr>\n<tr>\n<td>\u00c1cido Heptadecanoico (C 17:0)<\/td>\n<td>%<\/td>\n<td>min. 0.20<\/td>\n<\/tr>\n<tr>\n<td>\u00c1cido Este\u00e1rico \u00a0(C 18:0)<\/td>\n<td>%<\/td>\n<td>min. 4.00<\/td>\n<\/tr>\n<tr>\n<td>\u00c1cido Araquid\u00f3nico (C 20:0)<\/td>\n<td>%<\/td>\n<td>min. 0.35<\/td>\n<\/tr>\n<tr>\n<td>\u00c1cido Eneicosanoico (C 21:0)<\/td>\n<td>%<\/td>\n<td>min. 0.20<\/td>\n<\/tr>\n<tr>\n<td>Grasa Saturada<\/td>\n<td>%<\/td>\n<td>min. 19.75<\/td>\n<\/tr>\n<tr>\n<td>\u00c1cido Palmitoleico (16:1)<\/td>\n<td>%<\/td>\n<td>min. 0.20<\/td>\n<\/tr>\n<tr>\n<td>\u00c1cido Oleico (C 18:0)<\/td>\n<td>%<\/td>\n<td>min. 22.0<\/td>\n<\/tr>\n<tr>\n<td>\u00c1cido Er\u00facico (C 22:1)<\/td>\n<td>%<\/td>\n<td>min. 0.40<\/td>\n<\/tr>\n<tr>\n<td>Grasa Mono-Insaturado<\/td>\n<td>%<\/td>\n<td>min. 22.60<\/td>\n<\/tr>\n<tr>\n<td>Grasa Poli-Insaturada<\/td>\n<td>%<\/td>\n<td>min. 50.00<\/td>\n<\/tr>\n<tr>\n<td>Total de Insaturados<\/td>\n<td>%<\/td>\n<td>3.60<\/td>\n<\/tr>\n<tr>\n<td>\u00c1cido Linoleico (C 18:2) &#8211; Omega 6<\/td>\n<td>%<\/td>\n<td>min. 45.00<\/td>\n<\/tr>\n<tr>\n<td>\u00c1cido Linol\u00e9nico (C 18:3) &#8211; Omega 3<\/td>\n<td>%<\/td>\n<td>min. 5.00<\/td>\n<\/tr>\n<tr>\n<td>F\u00f3sforo Disponible<\/td>\n<td>%<\/td>\n<td>min. 0.12<\/td>\n<\/tr>\n<tr>\n<td>Sodio (Na)<\/td>\n<td>%<\/td>\n<td>min. 0.02<\/td>\n<\/tr>\n<tr>\n<td>Potasio (K)<\/td>\n<td>%<\/td>\n<td>min. 0.08<\/td>\n<\/tr>\n<tr>\n<td>Vitamina E (tocoferol)<\/td>\n<td>ppm<\/td>\n<td>min. 30.00<\/td>\n<\/tr>\n<tr>\n<td>Colina<\/td>\n<td>ppm<\/td>\n<td>min. 1.200,00<\/td>\n<\/tr>\n<\/tbody>\n<\/table>\n<\/div>\n<p>&nbsp;<\/p>\n<\/div>\n<h4><\/h4>\n","protected":false},"featured_media":647,"template":"","product_category":[31],"feeding":[38,40],"class_list":["post-998","product","type-product","status-publish","has-post-thumbnail","hentry","product_category-aceites-y-grasas","feeding-aves","feeding-cerdo"],"acf":[],"_links":{"self":[{"href":"https:\/\/www.eccofeed.com\/es\/wp-json\/wp\/v2\/product\/998","targetHints":{"allow":["GET"]}}],"collection":[{"href":"https:\/\/www.eccofeed.com\/es\/wp-json\/wp\/v2\/product"}],"about":[{"href":"https:\/\/www.eccofeed.com\/es\/wp-json\/wp\/v2\/types\/product"}],"wp:featuredmedia":[{"embeddable":true,"href":"https:\/\/www.eccofeed.com\/es\/wp-json\/wp\/v2\/media\/647"}],"wp:attachment":[{"href":"https:\/\/www.eccofeed.com\/es\/wp-json\/wp\/v2\/media?parent=998"}],"wp:term":[{"taxonomy":"product_category","embeddable":true,"href":"https:\/\/www.eccofeed.com\/es\/wp-json\/wp\/v2\/product_category?post=998"},{"taxonomy":"feeding","embeddable":true,"href":"https:\/\/www.eccofeed.com\/es\/wp-json\/wp\/v2\/feeding?post=998"}],"curies":[{"name":"wp","href":"https:\/\/api.w.org\/{rel}","templated":true}]}}